{"id":2,"date":"2018-03-26T19:40:16","date_gmt":"2018-03-26T19:40:16","guid":{"rendered":"https:\/\/sauerland-forum.de\/?page_id=2"},"modified":"2021-08-18T13:09:05","modified_gmt":"2021-08-18T13:09:05","slug":"start","status":"publish","type":"page","link":"https:\/\/sauerland-forum.de\/index.php\/start\/","title":{"rendered":"Start"},"content":{"rendered":"<p>Es gibt viele Dinge, die uns in dieser Welt bewegen. Hier soll es aber vorrangig um das Sauerland, seine Reize, seine Landschaft und seine Menschen gehen. Darum m\u00f6chten wir Geschichten um und \u00fcber das Sauerland und seine Menschen sammeln.<br \/><br \/>Sie k\u00f6nnen uns dabei helfen, diese Geschichten zu sammeln, wenn sie uns erz\u00e4hlen, oder einfach nur mitteilen, wo es Interessantes rund um das Sauerland zu erfahren gibt.<br \/><br \/>Scheuen sie sich nicht, sprechen sie uns an und vielleicht findet sich ihre Geschichte dann bald hier in dieser kleinen Sammlung.<\/p>\n\n","protected":false},"excerpt":{"rendered":"<p>Es gibt viele Dinge, die uns in dieser Welt bewegen. Hier soll es aber vorrangig um das Sauerland, seine Reize, seine Landschaft und seine Menschen gehen. Darum m\u00f6chten wir Geschichten um und \u00fcber das Sauerland und seine Menschen sammeln. Sie k\u00f6nnen uns dabei helfen, diese Geschichten zu sammeln, wenn sie uns erz\u00e4hlen, oder einfach nur mitteilen, wo es Interessantes rund [&#8230;]<\/p>\n","protected":false},"author":1,"featured_media":0,"parent":0,"menu_order":0,"comment_status":"closed","ping_status":"closed","template":"","meta":{"_EventAllDay":false,"_EventTimezone":"","_EventStartDate":"","_EventEndDate":"","_EventStartDateUTC":"","_EventEndDateUTC":"","_EventShowMap":false,"_EventShowMapLink":false,"_EventURL":"","_EventCost":"","_EventCostDescription":"","_EventCurrencySymbol":"","_EventCurrencyCode":"","_EventCurrencyPosition":"","_EventDateTimeSeparator":"","_EventTimeRangeSeparator":"","_EventOrganizerID":[],"_EventVenueID":[],"_OrganizerEmail":"","_OrganizerPhone":"","_OrganizerWebsite":"","_VenueAddress":"","_VenueCity":"","_VenueCountry":"","_VenueProvince":"","_VenueState":"","_VenueZip":"","_VenuePhone":"","_VenueURL":"","_VenueStateProvince":"","_VenueLat":"","_VenueLng":"","_VenueShowMap":false,"_VenueShowMapLink":false,"footnotes":""},"class_list":["post-2","page","type-page","status-publish","hentry"],"_links":{"self":[{"href":"https:\/\/sauerland-forum.de\/index.php\/wp-json\/wp\/v2\/pages\/2","targetHints":{"allow":["GET"]}}],"collection":[{"href":"https:\/\/sauerland-forum.de\/index.php\/wp-json\/wp\/v2\/pages"}],"about":[{"href":"https:\/\/sauerland-forum.de\/index.php\/wp-json\/wp\/v2\/types\/page"}],"author":[{"embeddable":true,"href":"https:\/\/sauerland-forum.de\/index.php\/wp-json\/wp\/v2\/users\/1"}],"replies":[{"embeddable":true,"href":"https:\/\/sauerland-forum.de\/index.php\/wp-json\/wp\/v2\/comments?post=2"}],"version-history":[{"count":3,"href":"https:\/\/sauerland-forum.de\/index.php\/wp-json\/wp\/v2\/pages\/2\/revisions"}],"predecessor-version":[{"id":29,"href":"https:\/\/sauerland-forum.de\/index.php\/wp-json\/wp\/v2\/pages\/2\/revisions\/29"}],"wp:attachment":[{"href":"https:\/\/sauerland-forum.de\/index.php\/wp-json\/wp\/v2\/media?parent=2"}],"curies":[{"name":"wp","href":"https:\/\/api.w.org\/{rel}","templated":true}]}}